{"id":20,"date":"2021-03-10T17:45:46","date_gmt":"2021-03-10T17:45:46","guid":{"rendered":"https:\/\/helix.app\/?page_id=20"},"modified":"2021-09-17T20:47:30","modified_gmt":"2021-09-17T20:47:30","slug":"kontakt","status":"publish","type":"page","link":"https:\/\/helixinnovations.rs\/kucna-nega\/kontakt\/","title":{"rendered":"Kontakt"},"content":{"rendered":"\t\t<div data-elementor-type=\"wp-page\" data-elementor-id=\"20\" class=\"elementor elementor-20\" data-elementor-settings=\"[]\">\n\t\t\t\t\t\t<div class=\"elementor-inner\">\n\t\t\t\t\t\t\t<div class=\"elementor-section-wrap\">\n\t\t\t\t\t\t\t<section class=\"elementor-section elementor-top-section elementor-element elementor-element-d093247 section-contact section-contact-title elementor-section-boxed elementor-section-height-default elementor-section-height-default\" data-id=\"d093247\" data-element_type=\"section\" data-settings=\"{&quot;background_background&quot;:&quot;classic&quot;}\">\n\t\t\t\t\t\t<div class=\"elementor-container elementor-column-gap-default\">\n\t\t\t\t\t\t\t<div class=\"elementor-row\">\n\t\t\t\t\t<div class=\"elementor-column elementor-col-100 elementor-top-column elementor-element elementor-element-950fc22\" data-id=\"950fc22\" data-element_type=\"column\">\n\t\t\t<div class=\"elementor-column-wrap elementor-element-populated\">\n\t\t\t\t\t\t\t<div class=\"elementor-widget-wrap\">\n\t\t\t\t\t\t<div class=\"elementor-element elementor-element-a0d21c7 elementor-widget elementor-widget-heading\" data-id=\"a0d21c7\" data-element_type=\"widget\" data-widget_type=\"heading.default\">\n\t\t\t\t<div class=\"elementor-widget-container\">\n\t\t\t<h1 class=\"elementor-heading-title elementor-size-default\">Kontakt<\/h1>\t\t<\/div>\n\t\t\t\t<\/div>\n\t\t\t\t\t\t<\/div>\n\t\t\t\t\t<\/div>\n\t\t<\/div>\n\t\t\t\t\t\t\t\t<\/div>\n\t\t\t\t\t<\/div>\n\t\t<\/section>\n\t\t\t\t<section class=\"elementor-section elementor-top-section elementor-element elementor-element-7fe5020 section-contact elementor-section-boxed elementor-section-height-default elementor-section-height-default\" data-id=\"7fe5020\" data-element_type=\"section\" data-settings=\"{&quot;background_background&quot;:&quot;classic&quot;}\">\n\t\t\t\t\t\t<div class=\"elementor-container elementor-column-gap-default\">\n\t\t\t\t\t\t\t<div class=\"elementor-row\">\n\t\t\t\t\t<div class=\"elementor-column elementor-col-50 elementor-top-column elementor-element elementor-element-a9562e8 contact-col-left\" data-id=\"a9562e8\" data-element_type=\"column\" data-settings=\"{&quot;background_background&quot;:&quot;classic&quot;}\">\n\t\t\t<div class=\"elementor-column-wrap elementor-element-populated\">\n\t\t\t\t\t\t\t<div class=\"elementor-widget-wrap\">\n\t\t\t\t\t\t<div class=\"elementor-element elementor-element-e2afb93 contact-block elementor-widget elementor-widget-text-editor\" data-id=\"e2afb93\" data-element_type=\"widget\" data-widget_type=\"text-editor.default\">\n\t\t\t\t<div class=\"elementor-widget-container\">\n\t\t\t\t\t<div class=\"elementor-text-editor elementor-clearfix\"><p><img loading=\"lazy\" src=\"https:\/\/helixinnovations.rs\/kucna-nega\/wp-content\/uploads\/2021\/03\/icon-phone-transparent.png\" alt=\"\" width=\"54\" height=\"54\" \/>\u00a0 \u00a0+<a href=\"tel:063593903\">381 63 593 903<\/a><\/p><\/div>\n\t\t\t\t<\/div>\n\t\t\t\t<\/div>\n\t\t\t\t<div class=\"elementor-element elementor-element-8b89bda contact-block elementor-widget elementor-widget-text-editor\" data-id=\"8b89bda\" data-element_type=\"widget\" data-widget_type=\"text-editor.default\">\n\t\t\t\t<div class=\"elementor-widget-container\">\n\t\t\t\t\t<div class=\"elementor-text-editor elementor-clearfix\"><p><img loading=\"lazy\" class=\"alignnone size-full wp-image-408\" src=\"https:\/\/helixinnovations.rs\/kucna-nega\/wp-content\/uploads\/2021\/03\/icon-email-transparent.png\" alt=\"adresa elektronske poste\" width=\"54\" height=\"54\" \/><a style=\"display: inline !important;\" href=\"mailto:kucnanega@helixinnovations.rs\">kucnanega@helixinnovations.rs<\/a><\/p><\/div>\n\t\t\t\t<\/div>\n\t\t\t\t<\/div>\n\t\t\t\t<div class=\"elementor-element elementor-element-4a7a642 contact-block elementor-widget elementor-widget-text-editor\" data-id=\"4a7a642\" data-element_type=\"widget\" data-widget_type=\"text-editor.default\">\n\t\t\t\t<div class=\"elementor-widget-container\">\n\t\t\t\t\t<div class=\"elementor-text-editor elementor-clearfix\"><p><img loading=\"lazy\" class=\"alignnone size-full wp-image-410\" src=\"https:\/\/helixinnovations.rs\/kucna-nega\/wp-content\/uploads\/2021\/03\/icon-pin-transparent.png\" alt=\"\" width=\"54\" height=\"54\" \/> Gagarinova 22, Novi Sad<\/p><\/div>\n\t\t\t\t<\/div>\n\t\t\t\t<\/div>\n\t\t\t\t\t\t<\/div>\n\t\t\t\t\t<\/div>\n\t\t<\/div>\n\t\t\t\t<div class=\"elementor-column elementor-col-50 elementor-top-column elementor-element elementor-element-955f348 contact-col-right\" data-id=\"955f348\" data-element_type=\"column\">\n\t\t\t<div class=\"elementor-column-wrap elementor-element-populated\">\n\t\t\t\t\t\t\t<div class=\"elementor-widget-wrap\">\n\t\t\t\t\t\t<div class=\"elementor-element elementor-element-de040ef elementor-widget elementor-widget-heading\" data-id=\"de040ef\" data-element_type=\"widget\" data-widget_type=\"heading.default\">\n\t\t\t\t<div class=\"elementor-widget-container\">\n\t\t\t<h2 class=\"elementor-heading-title elementor-size-default\">Kontakt forma<\/h2>\t\t<\/div>\n\t\t\t\t<\/div>\n\t\t\t\t<div class=\"elementor-element elementor-element-6908fb3 elementor-widget elementor-widget-text-editor\" data-id=\"6908fb3\" data-element_type=\"widget\" data-widget_type=\"text-editor.default\">\n\t\t\t\t<div class=\"elementor-widget-container\">\n\t\t\t\t\t<div class=\"elementor-text-editor elementor-clearfix\"><p>Pi\u0161ite nam, odgovaramo u najkra\u0107em roku!\u00a0<\/p><\/div>\n\t\t\t\t<\/div>\n\t\t\t\t<\/div>\n\t\t\t\t<div class=\"elementor-element elementor-element-fdfa006 elementor-button-align-end elementor-widget elementor-widget-form\" data-id=\"fdfa006\" data-element_type=\"widget\" data-settings=\"{&quot;step_next_label&quot;:&quot;Next&quot;,&quot;step_previous_label&quot;:&quot;Previous&quot;,&quot;button_width&quot;:&quot;100&quot;,&quot;step_type&quot;:&quot;number_text&quot;,&quot;step_icon_shape&quot;:&quot;circle&quot;}\" data-widget_type=\"form.default\">\n\t\t\t\t<div class=\"elementor-widget-container\">\n\t\t\t\t\t<form class=\"elementor-form\" method=\"post\" name=\"Helix kontakt forma\">\n\t\t\t<input type=\"hidden\" name=\"post_id\" value=\"20\"\/>\n\t\t\t<input type=\"hidden\" name=\"form_id\" value=\"fdfa006\"\/>\n\t\t\t<input type=\"hidden\" name=\"referer_title\" value=\"helixinnovations\" \/>\n\n\t\t\t\n\t\t\t<div class=\"elementor-form-fields-wrapper elementor-labels-above\">\n\t\t\t\t\t\t\t\t<div class=\"elementor-field-type-text elementor-field-group elementor-column elementor-field-group-name elementor-col-100 elementor-field-required\">\n\t\t\t\t\t<input size=\"1\" type=\"text\" name=\"form_fields[name]\" id=\"form-field-name\" class=\"elementor-field elementor-size-sm  elementor-field-textual\" placeholder=\"*Ime i prezime\" required=\"required\" aria-required=\"true\">\t\t\t\t<\/div>\n\t\t\t\t\t\t\t\t<div class=\"elementor-field-type-text elementor-field-group elementor-column elementor-field-group-telefon elementor-col-50 elementor-field-required\">\n\t\t\t\t\t<input size=\"1\" type=\"text\" name=\"form_fields[telefon]\" id=\"form-field-telefon\" class=\"elementor-field elementor-size-sm  elementor-field-textual\" placeholder=\"*Telefon\" required=\"required\" aria-required=\"true\">\t\t\t\t<\/div>\n\t\t\t\t\t\t\t\t<div class=\"elementor-field-type-email elementor-field-group elementor-column elementor-field-group-email elementor-col-50 elementor-field-required\">\n\t\t\t\t\t<input size=\"1\" type=\"email\" name=\"form_fields[email]\" id=\"form-field-email\" class=\"elementor-field elementor-size-sm  elementor-field-textual\" placeholder=\"*Email\" required=\"required\" aria-required=\"true\">\t\t\t\t<\/div>\n\t\t\t\t\t\t\t\t<div class=\"elementor-field-type-textarea elementor-field-group elementor-column elementor-field-group-message elementor-col-100\">\n\t\t\t\t\t<textarea class=\"elementor-field-textual elementor-field  elementor-size-sm\" name=\"form_fields[message]\" id=\"form-field-message\" rows=\"5\" placeholder=\"Poruka\"><\/textarea>\t\t\t\t<\/div>\n\t\t\t\t\t\t\t\t<div class=\"elementor-field-group elementor-column elementor-field-type-submit elementor-col-100 e-form__buttons\">\n\t\t\t\t\t<button type=\"submit\" class=\"elementor-button elementor-size-sm\">\n\t\t\t\t\t\t<span >\n\t\t\t\t\t\t\t\t\t\t\t\t\t\t\t<span class=\" elementor-button-icon\">\n\t\t\t\t\t\t\t\t\t\t\t\t\t\t\t\t\t\t\t\t\t\t\t\t\t\t<\/span>\n\t\t\t\t\t\t\t\t\t\t\t\t\t\t\t\t\t\t\t\t\t\t<span class=\"elementor-button-text\">Po\u0161alji <\/span>\n\t\t\t\t\t\t\t\t\t\t\t\t\t<\/span>\n\t\t\t\t\t<\/button>\n\t\t\t\t<\/div>\n\t\t\t<\/div>\n\t\t<\/form>\n\t\t\t\t<\/div>\n\t\t\t\t<\/div>\n\t\t\t\t\t\t<\/div>\n\t\t\t\t\t<\/div>\n\t\t<\/div>\n\t\t\t\t\t\t\t\t<\/div>\n\t\t\t\t\t<\/div>\n\t\t<\/section>\n\t\t\t\t<section class=\"elementor-section elementor-top-section elementor-element elementor-element-5eef6fb elementor-section-boxed elementor-section-height-default elementor-section-height-default\" data-id=\"5eef6fb\" data-element_type=\"section\">\n\t\t\t\t\t\t<div class=\"elementor-container elementor-column-gap-default\">\n\t\t\t\t\t\t\t<div class=\"elementor-row\">\n\t\t\t\t\t<div class=\"elementor-column elementor-col-100 elementor-top-column elementor-element elementor-element-54cbad9\" data-id=\"54cbad9\" data-element_type=\"column\">\n\t\t\t<div class=\"elementor-column-wrap elementor-element-populated\">\n\t\t\t\t\t\t\t<div class=\"elementor-widget-wrap\">\n\t\t\t\t\t\t<div class=\"elementor-element elementor-element-31cc061 elementor-widget elementor-widget-text-editor\" data-id=\"31cc061\" data-element_type=\"widget\" data-widget_type=\"text-editor.default\">\n\t\t\t\t<div class=\"elementor-widget-container\">\n\t\t\t\t\t<div class=\"elementor-text-editor elementor-clearfix\"><h2>&nbsp;\u017delite da se pridru\u017eite na\u0161<span style=\"font-style: inherit; color: var( --e-global-color-accent );\">em timu?<\/span><\/h2>\n<p>Tra\u017eimo saradnika ili saradnicu za poslove gerontoma\u0107ice i negovatelja.<\/p>\n<p>Iskustvo i licenca su prednosti, ali nam se rado javite i ukoliko ste bez iskustva ili nemate licencu, a motivisani ste da se bavite brigom o drugim licima!<\/p>\n<p><br><\/p>\n<p><br><\/p>\n<p><br><\/p><p>Pozovite nas na broj&nbsp;<a href=\"http:\/\/tel:063593903\" target=\"_blank\" rel=\"noopener\">063 593 903<\/a>&nbsp;i raspitajte se o otvorenim pozicijama,&nbsp;<br><\/p>\n<p>&nbsp;ili nam po\u0161aljite svoju biografiju na <a href=\"mailto:kucnanega@helixinnovations.rs\">kucnanega@helixinnovations.rs<\/a>&nbsp;<\/p>\n<p>Radujemo se \u0161irenju tima!&nbsp;<\/p>\n<p><br><\/p>\n<p><br><\/p><\/div>\n\t\t\t\t<\/div>\n\t\t\t\t<\/div>\n\t\t\t\t\t\t<\/div>\n\t\t\t\t\t<\/div>\n\t\t<\/div>\n\t\t\t\t\t\t\t\t<\/div>\n\t\t\t\t\t<\/div>\n\t\t<\/section>\n\t\t\t\t\t\t<\/div>\n\t\t\t\t\t\t<\/div>\n\t\t\t\t\t<\/div>\n\t\t","protected":false},"excerpt":{"rendered":"<p>Kontakt \u00a0 \u00a0+381 63 593 903 kucnanega@helixinnovations.rs Gagarinova 22, Novi Sad Kontakt forma Pi\u0161ite nam, odgovaramo u najkra\u0107em roku!\u00a0 &nbsp;\u017delite da se pridru\u017eite na\u0161em timu? Tra\u017eimo saradnika ili saradnicu za poslove gerontoma\u0107ice i negovatelja. Iskustvo i licenca su prednosti, ali nam se rado javite i ukoliko ste bez iskustva ili nemate licencu, a motivisani ste &#8230; <a title=\"Kontakt\" class=\"read-more\" href=\"https:\/\/helixinnovations.rs\/kucna-nega\/kontakt\/\" aria-label=\"More on Kontakt\">Read more<\/a><\/p>\n","protected":false},"author":1,"featured_media":0,"parent":0,"menu_order":6,"comment_status":"closed","ping_status":"closed","template":"","meta":[],"yoast_head":"<!-- This site is optimized with the Yoast SEO plugin v16.0.2 - https:\/\/yoast.com\/wordpress\/plugins\/seo\/ -->\n<title>Helix Ku\u0107na nega - Kontakt informacije<\/title>\n<meta name=\"description\" content=\"\u017delite da organizujete ku\u0107nu negu za svoje bli\u017enje? Pi\u0161ite nam na kucnanega@helixinnovations.rs, ili nas pozovite: 063 593 903\" \/>\n<meta name=\"robots\" content=\"index, follow, max-snippet:-1, max-image-preview:large, max-video-preview:-1\" \/>\n<link rel=\"canonical\" href=\"https:\/\/helixinnovations.rs\/kucna-nega\/kontakt\/\" \/>\n<meta property=\"og:locale\" content=\"en_US\" \/>\n<meta property=\"og:type\" content=\"article\" \/>\n<meta property=\"og:title\" content=\"Helix Ku\u0107na nega - Kontakt informacije\" \/>\n<meta property=\"og:description\" content=\"\u017delite da organizujete ku\u0107nu negu za svoje bli\u017enje? Pi\u0161ite nam na kucnanega@helixinnovations.rs, ili nas pozovite: 063 593 903\" \/>\n<meta property=\"og:url\" content=\"https:\/\/helixinnovations.rs\/kucna-nega\/kontakt\/\" \/>\n<meta property=\"og:site_name\" content=\"helixinnovations\" \/>\n<meta property=\"article:modified_time\" content=\"2021-09-17T20:47:30+00:00\" \/>\n<meta property=\"og:image\" content=\"https:\/\/helixinnovations.rs\/kucna-nega\/wp-content\/uploads\/2021\/03\/icon-phone-transparent.png\" \/>\n<meta name=\"twitter:card\" content=\"summary_large_image\" \/>\n<meta name=\"twitter:label1\" content=\"Est. reading time\">\n\t<meta name=\"twitter:data1\" content=\"1 minute\">\n<script type=\"application\/ld+json\" class=\"yoast-schema-graph\">{\"@context\":\"https:\/\/schema.org\",\"@graph\":[{\"@type\":\"Organization\",\"@id\":\"https:\/\/helixinnovations.rs\/kucna-nega\/#organization\",\"name\":\"HELIX INNOVATIVE SOLUTIONS\",\"url\":\"https:\/\/helixinnovations.rs\/kucna-nega\/\",\"sameAs\":[],\"logo\":{\"@type\":\"ImageObject\",\"@id\":\"https:\/\/helixinnovations.rs\/kucna-nega\/#logo\",\"inLanguage\":\"en-US\",\"url\":\"https:\/\/helixinnovations.rs\/kucna-nega\/wp-content\/uploads\/2021\/03\/helix-logo.jpg\",\"width\":170,\"height\":60,\"caption\":\"HELIX INNOVATIVE SOLUTIONS\"},\"image\":{\"@id\":\"https:\/\/helixinnovations.rs\/kucna-nega\/#logo\"}},{\"@type\":\"WebSite\",\"@id\":\"https:\/\/helixinnovations.rs\/kucna-nega\/#website\",\"url\":\"https:\/\/helixinnovations.rs\/kucna-nega\/\",\"name\":\"helixinnovations\",\"description\":\"\",\"publisher\":{\"@id\":\"https:\/\/helixinnovations.rs\/kucna-nega\/#organization\"},\"potentialAction\":[{\"@type\":\"SearchAction\",\"target\":\"https:\/\/helixinnovations.rs\/kucna-nega\/?s={search_term_string}\",\"query-input\":\"required name=search_term_string\"}],\"inLanguage\":\"en-US\"},{\"@type\":\"ImageObject\",\"@id\":\"https:\/\/helixinnovations.rs\/kucna-nega\/kontakt\/#primaryimage\",\"inLanguage\":\"en-US\",\"url\":\"https:\/\/helixinnovations.rs\/kucna-nega\/wp-content\/uploads\/2021\/03\/icon-phone-transparent.png\",\"width\":54,\"height\":54,\"caption\":\"Kontakt telefon ikona\"},{\"@type\":[\"WebPage\",\"ContactPage\"],\"@id\":\"https:\/\/helixinnovations.rs\/kucna-nega\/kontakt\/#webpage\",\"url\":\"https:\/\/helixinnovations.rs\/kucna-nega\/kontakt\/\",\"name\":\"Helix Ku\\u0107na nega - Kontakt informacije\",\"isPartOf\":{\"@id\":\"https:\/\/helixinnovations.rs\/kucna-nega\/#website\"},\"primaryImageOfPage\":{\"@id\":\"https:\/\/helixinnovations.rs\/kucna-nega\/kontakt\/#primaryimage\"},\"datePublished\":\"2021-03-10T17:45:46+00:00\",\"dateModified\":\"2021-09-17T20:47:30+00:00\",\"description\":\"\\u017delite da organizujete ku\\u0107nu negu za svoje bli\\u017enje? Pi\\u0161ite nam na kucnanega@helixinnovations.rs, ili nas pozovite: 063 593 903\",\"breadcrumb\":{\"@id\":\"https:\/\/helixinnovations.rs\/kucna-nega\/kontakt\/#breadcrumb\"},\"inLanguage\":\"en-US\",\"potentialAction\":[{\"@type\":\"ReadAction\",\"target\":[\"https:\/\/helixinnovations.rs\/kucna-nega\/kontakt\/\"]}]},{\"@type\":\"BreadcrumbList\",\"@id\":\"https:\/\/helixinnovations.rs\/kucna-nega\/kontakt\/#breadcrumb\",\"itemListElement\":[{\"@type\":\"ListItem\",\"position\":1,\"item\":{\"@type\":\"WebPage\",\"@id\":\"https:\/\/helixinnovations.rs\/kucna-nega\/\",\"url\":\"https:\/\/helixinnovations.rs\/kucna-nega\/\",\"name\":\"Home\"}},{\"@type\":\"ListItem\",\"position\":2,\"item\":{\"@type\":\"WebPage\",\"@id\":\"https:\/\/helixinnovations.rs\/kucna-nega\/kontakt\/\",\"url\":\"https:\/\/helixinnovations.rs\/kucna-nega\/kontakt\/\",\"name\":\"Kontakt\"}}]}]}<\/script>\n<!-- \/ Yoast SEO plugin. -->","_links":{"self":[{"href":"https:\/\/helixinnovations.rs\/kucna-nega\/wp-json\/wp\/v2\/pages\/20"}],"collection":[{"href":"https:\/\/helixinnovations.rs\/kucna-nega\/wp-json\/wp\/v2\/pages"}],"about":[{"href":"https:\/\/helixinnovations.rs\/kucna-nega\/wp-json\/wp\/v2\/types\/page"}],"author":[{"embeddable":true,"href":"https:\/\/helixinnovations.rs\/kucna-nega\/wp-json\/wp\/v2\/users\/1"}],"replies":[{"embeddable":true,"href":"https:\/\/helixinnovations.rs\/kucna-nega\/wp-json\/wp\/v2\/comments?post=20"}],"version-history":[{"count":80,"href":"https:\/\/helixinnovations.rs\/kucna-nega\/wp-json\/wp\/v2\/pages\/20\/revisions"}],"predecessor-version":[{"id":897,"href":"https:\/\/helixinnovations.rs\/kucna-nega\/wp-json\/wp\/v2\/pages\/20\/revisions\/897"}],"wp:attachment":[{"href":"https:\/\/helixinnovations.rs\/kucna-nega\/wp-json\/wp\/v2\/media?parent=20"}],"curies":[{"name":"wp","href":"https:\/\/api.w.org\/{rel}","templated":true}]}}