{"id":18,"date":"2021-03-10T17:45:18","date_gmt":"2021-03-10T17:45:18","guid":{"rendered":"https:\/\/helix.app\/?page_id=18"},"modified":"2021-05-15T11:18:32","modified_gmt":"2021-05-15T11:18:32","slug":"cesta-pitanja","status":"publish","type":"page","link":"https:\/\/helixinnovations.rs\/kucna-nega\/cesta-pitanja\/","title":{"rendered":"\u010cesta pitanja"},"content":{"rendered":"\t\t<div data-elementor-type=\"wp-page\" data-elementor-id=\"18\" class=\"elementor elementor-18\" data-elementor-settings=\"[]\">\n\t\t\t\t\t\t<div class=\"elementor-inner\">\n\t\t\t\t\t\t\t<div class=\"elementor-section-wrap\">\n\t\t\t\t\t\t\t<section class=\"elementor-section elementor-top-section elementor-element elementor-element-e2e614b elementor-section-full_width section-hero section-hero-homepage elementor-section-height-default elementor-section-height-default\" data-id=\"e2e614b\" data-element_type=\"section\" id=\"section-hero\" data-settings=\"{&quot;background_background&quot;:&quot;classic&quot;}\">\n\t\t\t\t\t\t<div class=\"elementor-container elementor-column-gap-default\">\n\t\t\t\t\t\t\t<div class=\"elementor-row\">\n\t\t\t\t\t<div class=\"elementor-column elementor-col-100 elementor-top-column elementor-element elementor-element-736df82\" data-id=\"736df82\" data-element_type=\"column\">\n\t\t\t<div class=\"elementor-column-wrap elementor-element-populated\">\n\t\t\t\t\t\t\t<div class=\"elementor-widget-wrap\">\n\t\t\t\t\t\t<div class=\"elementor-element elementor-element-6007c7e elementor-widget elementor-widget-heading\" data-id=\"6007c7e\" data-element_type=\"widget\" data-widget_type=\"heading.default\">\n\t\t\t\t<div class=\"elementor-widget-container\">\n\t\t\t<h1 class=\"elementor-heading-title elementor-size-default\">\u010cesta pitanja<\/h1>\t\t<\/div>\n\t\t\t\t<\/div>\n\t\t\t\t<div class=\"elementor-element elementor-element-a74564f short-paragraph elementor-widget elementor-widget-text-editor\" data-id=\"a74564f\" data-element_type=\"widget\" data-widget_type=\"text-editor.default\">\n\t\t\t\t<div class=\"elementor-widget-container\">\n\t\t\t\t\t<div class=\"elementor-text-editor elementor-clearfix\"><p>POZOVITE NAS U KOLIKO IMATE PITANJA, TU SMO DA ZAJEDNO OSMISLIMO PROGRAM PO POTREBAMA NA\u0160IH KORISNIKA. KAKO BISMO VAM PRU\u017dILI SVE \u0160TO VI\u0160E INFORMACIJA O NA\u0160IM USLUGAMA I METODI RADA,\u00a0<span style=\"letter-spacing: 0.46px;\">ISPOD MO\u017dETE PRO\u010cITATI NEKA OD NAJ\u010cE\u0160\u0106IH PITANJA KOJA DOBIJAMO.<\/span>\u00a0<\/p><\/div>\n\t\t\t\t<\/div>\n\t\t\t\t<\/div>\n\t\t\t\t\t\t<\/div>\n\t\t\t\t\t<\/div>\n\t\t<\/div>\n\t\t\t\t\t\t\t\t<\/div>\n\t\t\t\t\t<\/div>\n\t\t<\/section>\n\t\t\t\t<section class=\"elementor-section elementor-top-section elementor-element elementor-element-647991b section-faq elementor-section-boxed elementor-section-height-default elementor-section-height-default\" data-id=\"647991b\" data-element_type=\"section\">\n\t\t\t\t\t\t<div class=\"elementor-container elementor-column-gap-default\">\n\t\t\t\t\t\t\t<div class=\"elementor-row\">\n\t\t\t\t\t<div class=\"elementor-column elementor-col-50 elementor-top-column elementor-element elementor-element-32406ef\" data-id=\"32406ef\" data-element_type=\"column\">\n\t\t\t<div class=\"elementor-column-wrap elementor-element-populated\">\n\t\t\t\t\t\t\t<div class=\"elementor-widget-wrap\">\n\t\t\t\t\t\t<div class=\"elementor-element elementor-element-d76fe82 helix-accordion elementor-widget elementor-widget-toggle\" data-id=\"d76fe82\" data-element_type=\"widget\" data-widget_type=\"toggle.default\">\n\t\t\t\t<div class=\"elementor-widget-container\">\n\t\t\t\t\t<div class=\"elementor-toggle\" role=\"tablist\">\n\t\t\t\t\t\t\t<div class=\"elementor-toggle-item\">\n\t\t\t\t\t<div id=\"elementor-tab-title-2251\" class=\"elementor-tab-title\" data-tab=\"1\" role=\"tab\" aria-controls=\"elementor-tab-content-2251\" aria-expanded=\"false\">\n\t\t\t\t\t\t\t\t\t\t\t\t<span class=\"elementor-toggle-icon elementor-toggle-icon-right\" aria-hidden=\"true\">\n\t\t\t\t\t\t\t\t\t\t\t\t\t\t\t<span class=\"elementor-toggle-icon-closed\"><i class=\"fas fa-chevron-circle-down\"><\/i><\/span>\n\t\t\t\t\t\t\t\t<span class=\"elementor-toggle-icon-opened\"><i class=\"elementor-toggle-icon-opened fas fa-chevron-circle-up\"><\/i><\/span>\n\t\t\t\t\t\t\t\t\t\t\t\t\t<\/span>\n\t\t\t\t\t\t\t\t\t\t\t\t<a href=\"\" class=\"elementor-toggle-title\">Kolika je cena usluge?<\/a>\n\t\t\t\t\t<\/div>\n\t\t\t\t\t<div id=\"elementor-tab-content-2251\" class=\"elementor-tab-content elementor-clearfix\" data-tab=\"1\" role=\"tabpanel\" aria-labelledby=\"elementor-tab-title-2251\"><p><span style=\"font-weight: 400;\">Kada nas pozovu, klijenti \u010desto nisu sigurni kakva vrsta usluge im treba. Stru\u010dni tim dolazi na ku\u0107nu adresu potpuno besplatno i sagledava sve potrebe klijenta. Koriste\u0107i iskustvo i znanje pronalazimo adekvatno re\u0161enje zajedno sa klijentom, porodicom ili starateljem, i tada se formira cena usluge.<\/span><\/p><\/div>\n\t\t\t\t<\/div>\n\t\t\t\t\t\t\t<div class=\"elementor-toggle-item\">\n\t\t\t\t\t<div id=\"elementor-tab-title-2252\" class=\"elementor-tab-title\" data-tab=\"2\" role=\"tab\" aria-controls=\"elementor-tab-content-2252\" aria-expanded=\"false\">\n\t\t\t\t\t\t\t\t\t\t\t\t<span class=\"elementor-toggle-icon elementor-toggle-icon-right\" aria-hidden=\"true\">\n\t\t\t\t\t\t\t\t\t\t\t\t\t\t\t<span class=\"elementor-toggle-icon-closed\"><i class=\"fas fa-chevron-circle-down\"><\/i><\/span>\n\t\t\t\t\t\t\t\t<span class=\"elementor-toggle-icon-opened\"><i class=\"elementor-toggle-icon-opened fas fa-chevron-circle-up\"><\/i><\/span>\n\t\t\t\t\t\t\t\t\t\t\t\t\t<\/span>\n\t\t\t\t\t\t\t\t\t\t\t\t<a href=\"\" class=\"elementor-toggle-title\">Koliko brzo mo\u017ee da se organizuje pru\u017eanje usluge?<\/a>\n\t\t\t\t\t<\/div>\n\t\t\t\t\t<div id=\"elementor-tab-content-2252\" class=\"elementor-tab-content elementor-clearfix\" data-tab=\"2\" role=\"tabpanel\" aria-labelledby=\"elementor-tab-title-2252\"><p><span style=\"font-weight: 400;\">Usluga po\u010dinje nekada i istog dana, najdalje za 48h.<\/span><\/p><\/div>\n\t\t\t\t<\/div>\n\t\t\t\t\t\t\t<div class=\"elementor-toggle-item\">\n\t\t\t\t\t<div id=\"elementor-tab-title-2253\" class=\"elementor-tab-title\" data-tab=\"3\" role=\"tab\" aria-controls=\"elementor-tab-content-2253\" aria-expanded=\"false\">\n\t\t\t\t\t\t\t\t\t\t\t\t<span class=\"elementor-toggle-icon elementor-toggle-icon-right\" aria-hidden=\"true\">\n\t\t\t\t\t\t\t\t\t\t\t\t\t\t\t<span class=\"elementor-toggle-icon-closed\"><i class=\"fas fa-chevron-circle-down\"><\/i><\/span>\n\t\t\t\t\t\t\t\t<span class=\"elementor-toggle-icon-opened\"><i class=\"elementor-toggle-icon-opened fas fa-chevron-circle-up\"><\/i><\/span>\n\t\t\t\t\t\t\t\t\t\t\t\t\t<\/span>\n\t\t\t\t\t\t\t\t\t\t\t\t<a href=\"\" class=\"elementor-toggle-title\">Da li je bolji dom ili pomo\u0107 u ku\u0107i?<\/a>\n\t\t\t\t\t<\/div>\n\t\t\t\t\t<div id=\"elementor-tab-content-2253\" class=\"elementor-tab-content elementor-clearfix\" data-tab=\"3\" role=\"tabpanel\" aria-labelledby=\"elementor-tab-title-2253\"><p><span style=\"font-weight: 400;\">Na\u0161 stav je da je svakako bolji i komforniji za klijenta ostanak u vlastitom okru\u017eenju, ukoliko za to postoje uslovi.<\/span><\/p><\/div>\n\t\t\t\t<\/div>\n\t\t\t\t\t\t\t<div class=\"elementor-toggle-item\">\n\t\t\t\t\t<div id=\"elementor-tab-title-2254\" class=\"elementor-tab-title\" data-tab=\"4\" role=\"tab\" aria-controls=\"elementor-tab-content-2254\" aria-expanded=\"false\">\n\t\t\t\t\t\t\t\t\t\t\t\t<span class=\"elementor-toggle-icon elementor-toggle-icon-right\" aria-hidden=\"true\">\n\t\t\t\t\t\t\t\t\t\t\t\t\t\t\t<span class=\"elementor-toggle-icon-closed\"><i class=\"fas fa-chevron-circle-down\"><\/i><\/span>\n\t\t\t\t\t\t\t\t<span class=\"elementor-toggle-icon-opened\"><i class=\"elementor-toggle-icon-opened fas fa-chevron-circle-up\"><\/i><\/span>\n\t\t\t\t\t\t\t\t\t\t\t\t\t<\/span>\n\t\t\t\t\t\t\t\t\t\t\t\t<a href=\"\" class=\"elementor-toggle-title\">Da li je moguce izmeniti termine dolazaka gerontonegovateljica?<\/a>\n\t\t\t\t\t<\/div>\n\t\t\t\t\t<div id=\"elementor-tab-content-2254\" class=\"elementor-tab-content elementor-clearfix\" data-tab=\"4\" role=\"tabpanel\" aria-labelledby=\"elementor-tab-title-2254\"><p><span style=\"font-weight: 400;\">U slu\u010daju izmenjenih okolnosti, klijenta ili porodice, mogu se izmeniti termini dolazaka, uz prethodni dogovor.<\/span><\/p><\/div>\n\t\t\t\t<\/div>\n\t\t\t\t\t\t\t<div class=\"elementor-toggle-item\">\n\t\t\t\t\t<div id=\"elementor-tab-title-2255\" class=\"elementor-tab-title\" data-tab=\"5\" role=\"tab\" aria-controls=\"elementor-tab-content-2255\" aria-expanded=\"false\">\n\t\t\t\t\t\t\t\t\t\t\t\t<span class=\"elementor-toggle-icon elementor-toggle-icon-right\" aria-hidden=\"true\">\n\t\t\t\t\t\t\t\t\t\t\t\t\t\t\t<span class=\"elementor-toggle-icon-closed\"><i class=\"fas fa-chevron-circle-down\"><\/i><\/span>\n\t\t\t\t\t\t\t\t<span class=\"elementor-toggle-icon-opened\"><i class=\"elementor-toggle-icon-opened fas fa-chevron-circle-up\"><\/i><\/span>\n\t\t\t\t\t\t\t\t\t\t\t\t\t<\/span>\n\t\t\t\t\t\t\t\t\t\t\t\t<a href=\"\" class=\"elementor-toggle-title\">Kakve mere preduzimate u vreme pandemije COVID-19?<\/a>\n\t\t\t\t\t<\/div>\n\t\t\t\t\t<div id=\"elementor-tab-content-2255\" class=\"elementor-tab-content elementor-clearfix\" data-tab=\"5\" role=\"tabpanel\" aria-labelledby=\"elementor-tab-title-2255\"><p><span style=\"font-weight: 400;\">Vodimo ra\u010duna o va\u0161oj bezbednosti i bezbednosti na\u0161eg tima. Testiramo na\u0161e osoblje i strogo se pridr\u017eavamo propisanih mera prevencije prilikom svakog kontakta. <\/span><\/p><\/div>\n\t\t\t\t<\/div>\n\t\t\t\t\t<\/div>\n\t\t\t\t<\/div>\n\t\t\t\t<\/div>\n\t\t\t\t\t\t<\/div>\n\t\t\t\t\t<\/div>\n\t\t<\/div>\n\t\t\t\t<div class=\"elementor-column elementor-col-50 elementor-top-column elementor-element elementor-element-f7cce14\" data-id=\"f7cce14\" data-element_type=\"column\">\n\t\t\t<div class=\"elementor-column-wrap elementor-element-populated\">\n\t\t\t\t\t\t\t<div class=\"elementor-widget-wrap\">\n\t\t\t\t\t\t<div class=\"elementor-element elementor-element-4dd5441 helix-accordion elementor-widget elementor-widget-toggle\" data-id=\"4dd5441\" data-element_type=\"widget\" data-widget_type=\"toggle.default\">\n\t\t\t\t<div class=\"elementor-widget-container\">\n\t\t\t\t\t<div class=\"elementor-toggle\" role=\"tablist\">\n\t\t\t\t\t\t\t<div class=\"elementor-toggle-item\">\n\t\t\t\t\t<div id=\"elementor-tab-title-8161\" class=\"elementor-tab-title\" data-tab=\"1\" role=\"tab\" aria-controls=\"elementor-tab-content-8161\" aria-expanded=\"false\">\n\t\t\t\t\t\t\t\t\t\t\t\t<span class=\"elementor-toggle-icon elementor-toggle-icon-right\" aria-hidden=\"true\">\n\t\t\t\t\t\t\t\t\t\t\t\t\t\t\t<span class=\"elementor-toggle-icon-closed\"><i class=\"fas fa-chevron-circle-down\"><\/i><\/span>\n\t\t\t\t\t\t\t\t<span class=\"elementor-toggle-icon-opened\"><i class=\"elementor-toggle-icon-opened fas fa-chevron-circle-up\"><\/i><\/span>\n\t\t\t\t\t\t\t\t\t\t\t\t\t<\/span>\n\t\t\t\t\t\t\t\t\t\t\t\t<a href=\"\" class=\"elementor-toggle-title\">Koje podru\u010dje pokrivate?<\/a>\n\t\t\t\t\t<\/div>\n\t\t\t\t\t<div id=\"elementor-tab-content-8161\" class=\"elementor-tab-content elementor-clearfix\" data-tab=\"1\" role=\"tabpanel\" aria-labelledby=\"elementor-tab-title-8161\"><p><span style=\"font-weight: 400;\">Na\u0161e usluge su trenutno dostupne na podru\u010dju Novog Sada, Petrovaradina, Veternika i Sremske Kamenice.\u00a0<\/span><\/p><\/div>\n\t\t\t\t<\/div>\n\t\t\t\t\t\t\t<div class=\"elementor-toggle-item\">\n\t\t\t\t\t<div id=\"elementor-tab-title-8162\" class=\"elementor-tab-title\" data-tab=\"2\" role=\"tab\" aria-controls=\"elementor-tab-content-8162\" aria-expanded=\"false\">\n\t\t\t\t\t\t\t\t\t\t\t\t<span class=\"elementor-toggle-icon elementor-toggle-icon-right\" aria-hidden=\"true\">\n\t\t\t\t\t\t\t\t\t\t\t\t\t\t\t<span class=\"elementor-toggle-icon-closed\"><i class=\"fas fa-chevron-circle-down\"><\/i><\/span>\n\t\t\t\t\t\t\t\t<span class=\"elementor-toggle-icon-opened\"><i class=\"elementor-toggle-icon-opened fas fa-chevron-circle-up\"><\/i><\/span>\n\t\t\t\t\t\t\t\t\t\t\t\t\t<\/span>\n\t\t\t\t\t\t\t\t\t\t\t\t<a href=\"\" class=\"elementor-toggle-title\">Da li kuvate I spremate?<\/a>\n\t\t\t\t\t<\/div>\n\t\t\t\t\t<div id=\"elementor-tab-content-8162\" class=\"elementor-tab-content elementor-clearfix\" data-tab=\"2\" role=\"tabpanel\" aria-labelledby=\"elementor-tab-title-8162\"><p><span style=\"font-weight: 400;\">Da, u okviru usluge gerontodomacice spadaju I poslovi vezani za pripremu obroka kao I nabavku namirnica. \u0160to se spremanja ti\u010de, obavljaju se osnovni poslovi higijene prostora i ve\u0161a.<\/span><\/p><\/div>\n\t\t\t\t<\/div>\n\t\t\t\t\t\t\t<div class=\"elementor-toggle-item\">\n\t\t\t\t\t<div id=\"elementor-tab-title-8163\" class=\"elementor-tab-title\" data-tab=\"3\" role=\"tab\" aria-controls=\"elementor-tab-content-8163\" aria-expanded=\"false\">\n\t\t\t\t\t\t\t\t\t\t\t\t<span class=\"elementor-toggle-icon elementor-toggle-icon-right\" aria-hidden=\"true\">\n\t\t\t\t\t\t\t\t\t\t\t\t\t\t\t<span class=\"elementor-toggle-icon-closed\"><i class=\"fas fa-chevron-circle-down\"><\/i><\/span>\n\t\t\t\t\t\t\t\t<span class=\"elementor-toggle-icon-opened\"><i class=\"elementor-toggle-icon-opened fas fa-chevron-circle-up\"><\/i><\/span>\n\t\t\t\t\t\t\t\t\t\t\t\t\t<\/span>\n\t\t\t\t\t\t\t\t\t\t\t\t<a href=\"\" class=\"elementor-toggle-title\">Da li stalno dolazi ista gerontonegovateljica?<\/a>\n\t\t\t\t\t<\/div>\n\t\t\t\t\t<div id=\"elementor-tab-content-8163\" class=\"elementor-tab-content elementor-clearfix\" data-tab=\"3\" role=\"tabpanel\" aria-labelledby=\"elementor-tab-title-8163\"><p><span style=\"font-weight: 400;\">Gerontonegovateljica je uglavnom ista. Ukoliko do\u0111e do promene iz bilo kog razloga razloga, klijent ili rodbina budu obave\u0161teni<\/span><\/p><\/div>\n\t\t\t\t<\/div>\n\t\t\t\t\t\t\t<div class=\"elementor-toggle-item\">\n\t\t\t\t\t<div id=\"elementor-tab-title-8164\" class=\"elementor-tab-title\" data-tab=\"4\" role=\"tab\" aria-controls=\"elementor-tab-content-8164\" aria-expanded=\"false\">\n\t\t\t\t\t\t\t\t\t\t\t\t<span class=\"elementor-toggle-icon elementor-toggle-icon-right\" aria-hidden=\"true\">\n\t\t\t\t\t\t\t\t\t\t\t\t\t\t\t<span class=\"elementor-toggle-icon-closed\"><i class=\"fas fa-chevron-circle-down\"><\/i><\/span>\n\t\t\t\t\t\t\t\t<span class=\"elementor-toggle-icon-opened\"><i class=\"elementor-toggle-icon-opened fas fa-chevron-circle-up\"><\/i><\/span>\n\t\t\t\t\t\t\t\t\t\t\t\t\t<\/span>\n\t\t\t\t\t\t\t\t\t\t\t\t<a href=\"\" class=\"elementor-toggle-title\">Kako se vr\u0161i pla\u0107anje usluge pomo\u0107i u kuci?<\/a>\n\t\t\t\t\t<\/div>\n\t\t\t\t\t<div id=\"elementor-tab-content-8164\" class=\"elementor-tab-content elementor-clearfix\" data-tab=\"4\" role=\"tabpanel\" aria-labelledby=\"elementor-tab-title-8164\"><p><span style=\"font-weight: 400;\">Na kraju svakog meseca <\/span><span style=\"font-weight: 400;\">dostavljamo<\/span><span style=\"font-weight: 400;\"> obra\u010dun pru\u017eenih usluga sa rokom pla\u0107anja do petog dana narednog meseca, za usluge pru\u017eene prethodnog meseca. <\/span><\/p><\/div>\n\t\t\t\t<\/div>\n\t\t\t\t\t<\/div>\n\t\t\t\t<\/div>\n\t\t\t\t<\/div>\n\t\t\t\t\t\t<\/div>\n\t\t\t\t\t<\/div>\n\t\t<\/div>\n\t\t\t\t\t\t\t\t<\/div>\n\t\t\t\t\t<\/div>\n\t\t<\/section>\n\t\t\t\t\t\t<\/div>\n\t\t\t\t\t\t<\/div>\n\t\t\t\t\t<\/div>\n\t\t","protected":false},"excerpt":{"rendered":"<p>\u010cesta pitanja POZOVITE NAS U KOLIKO IMATE PITANJA, TU SMO DA ZAJEDNO OSMISLIMO PROGRAM PO POTREBAMA NA\u0160IH KORISNIKA. KAKO BISMO VAM PRU\u017dILI SVE \u0160TO VI\u0160E INFORMACIJA O NA\u0160IM USLUGAMA I METODI RADA,\u00a0ISPOD MO\u017dETE PRO\u010cITATI NEKA OD NAJ\u010cE\u0160\u0106IH PITANJA KOJA DOBIJAMO.\u00a0 Kolika je cena usluge? Kada nas pozovu, klijenti \u010desto nisu sigurni kakva vrsta usluge im &#8230; <a title=\"\u010cesta pitanja\" class=\"read-more\" href=\"https:\/\/helixinnovations.rs\/kucna-nega\/cesta-pitanja\/\" aria-label=\"More on \u010cesta pitanja\">Read more<\/a><\/p>\n","protected":false},"author":1,"featured_media":0,"parent":0,"menu_order":5,"comment_status":"closed","ping_status":"closed","template":"","meta":[],"yoast_head":"<!-- This site is optimized with the Yoast SEO plugin v16.0.2 - https:\/\/yoast.com\/wordpress\/plugins\/seo\/ -->\n<title>Helix ku\u0107na nega - \u010desta pitanja o ku\u0107noj nezi i pomo\u0107i u ku\u0107i<\/title>\n<meta name=\"description\" content=\"Kako da procenite kakva negavam je potrebna? Koliko ko\u0161ta ku\u0107na nega? Pogledajte na\u0161u sekciju \u010cesta pitanja ili nas pozovite. Tu smo za vas!\" \/>\n<meta name=\"robots\" content=\"index, follow, max-snippet:-1, max-image-preview:large, max-video-preview:-1\" \/>\n<link rel=\"canonical\" href=\"https:\/\/helixinnovations.rs\/kucna-nega\/cesta-pitanja\/\" \/>\n<meta property=\"og:locale\" content=\"en_US\" \/>\n<meta property=\"og:type\" content=\"article\" \/>\n<meta property=\"og:title\" content=\"Helix ku\u0107na nega - \u010desta pitanja o ku\u0107noj nezi i pomo\u0107i u ku\u0107i\" \/>\n<meta property=\"og:description\" content=\"Kako da procenite kakva negavam je potrebna? Koliko ko\u0161ta ku\u0107na nega? Pogledajte na\u0161u sekciju \u010cesta pitanja ili nas pozovite. Tu smo za vas!\" \/>\n<meta property=\"og:url\" content=\"https:\/\/helixinnovations.rs\/kucna-nega\/cesta-pitanja\/\" \/>\n<meta property=\"og:site_name\" content=\"helixinnovations\" \/>\n<meta property=\"article:modified_time\" content=\"2021-05-15T11:18:32+00:00\" \/>\n<meta name=\"twitter:card\" content=\"summary_large_image\" \/>\n<meta name=\"twitter:label1\" content=\"Est. reading time\">\n\t<meta name=\"twitter:data1\" content=\"2 minutes\">\n<script type=\"application\/ld+json\" class=\"yoast-schema-graph\">{\"@context\":\"https:\/\/schema.org\",\"@graph\":[{\"@type\":\"Organization\",\"@id\":\"https:\/\/helixinnovations.rs\/kucna-nega\/#organization\",\"name\":\"HELIX INNOVATIVE SOLUTIONS\",\"url\":\"https:\/\/helixinnovations.rs\/kucna-nega\/\",\"sameAs\":[],\"logo\":{\"@type\":\"ImageObject\",\"@id\":\"https:\/\/helixinnovations.rs\/kucna-nega\/#logo\",\"inLanguage\":\"en-US\",\"url\":\"https:\/\/helixinnovations.rs\/kucna-nega\/wp-content\/uploads\/2021\/03\/helix-logo.jpg\",\"width\":170,\"height\":60,\"caption\":\"HELIX INNOVATIVE SOLUTIONS\"},\"image\":{\"@id\":\"https:\/\/helixinnovations.rs\/kucna-nega\/#logo\"}},{\"@type\":\"WebSite\",\"@id\":\"https:\/\/helixinnovations.rs\/kucna-nega\/#website\",\"url\":\"https:\/\/helixinnovations.rs\/kucna-nega\/\",\"name\":\"helixinnovations\",\"description\":\"\",\"publisher\":{\"@id\":\"https:\/\/helixinnovations.rs\/kucna-nega\/#organization\"},\"potentialAction\":[{\"@type\":\"SearchAction\",\"target\":\"https:\/\/helixinnovations.rs\/kucna-nega\/?s={search_term_string}\",\"query-input\":\"required name=search_term_string\"}],\"inLanguage\":\"en-US\"},{\"@type\":[\"WebPage\",\"FAQPage\"],\"@id\":\"https:\/\/helixinnovations.rs\/kucna-nega\/cesta-pitanja\/#webpage\",\"url\":\"https:\/\/helixinnovations.rs\/kucna-nega\/cesta-pitanja\/\",\"name\":\"Helix ku\\u0107na nega - \\u010desta pitanja o ku\\u0107noj nezi i pomo\\u0107i u ku\\u0107i\",\"isPartOf\":{\"@id\":\"https:\/\/helixinnovations.rs\/kucna-nega\/#website\"},\"datePublished\":\"2021-03-10T17:45:18+00:00\",\"dateModified\":\"2021-05-15T11:18:32+00:00\",\"description\":\"Kako da procenite kakva negavam je potrebna? Koliko ko\\u0161ta ku\\u0107na nega? Pogledajte na\\u0161u sekciju \\u010cesta pitanja ili nas pozovite. Tu smo za vas!\",\"breadcrumb\":{\"@id\":\"https:\/\/helixinnovations.rs\/kucna-nega\/cesta-pitanja\/#breadcrumb\"},\"inLanguage\":\"en-US\",\"potentialAction\":[{\"@type\":\"ReadAction\",\"target\":[\"https:\/\/helixinnovations.rs\/kucna-nega\/cesta-pitanja\/\"]}]},{\"@type\":\"BreadcrumbList\",\"@id\":\"https:\/\/helixinnovations.rs\/kucna-nega\/cesta-pitanja\/#breadcrumb\",\"itemListElement\":[{\"@type\":\"ListItem\",\"position\":1,\"item\":{\"@type\":\"WebPage\",\"@id\":\"https:\/\/helixinnovations.rs\/kucna-nega\/\",\"url\":\"https:\/\/helixinnovations.rs\/kucna-nega\/\",\"name\":\"Home\"}},{\"@type\":\"ListItem\",\"position\":2,\"item\":{\"@type\":\"WebPage\",\"@id\":\"https:\/\/helixinnovations.rs\/kucna-nega\/cesta-pitanja\/\",\"url\":\"https:\/\/helixinnovations.rs\/kucna-nega\/cesta-pitanja\/\",\"name\":\"\\u010cesta pitanja\"}}]}]}<\/script>\n<!-- \/ Yoast SEO plugin. -->","_links":{"self":[{"href":"https:\/\/helixinnovations.rs\/kucna-nega\/wp-json\/wp\/v2\/pages\/18"}],"collection":[{"href":"https:\/\/helixinnovations.rs\/kucna-nega\/wp-json\/wp\/v2\/pages"}],"about":[{"href":"https:\/\/helixinnovations.rs\/kucna-nega\/wp-json\/wp\/v2\/types\/page"}],"author":[{"embeddable":true,"href":"https:\/\/helixinnovations.rs\/kucna-nega\/wp-json\/wp\/v2\/users\/1"}],"replies":[{"embeddable":true,"href":"https:\/\/helixinnovations.rs\/kucna-nega\/wp-json\/wp\/v2\/comments?post=18"}],"version-history":[{"count":38,"href":"https:\/\/helixinnovations.rs\/kucna-nega\/wp-json\/wp\/v2\/pages\/18\/revisions"}],"predecessor-version":[{"id":872,"href":"https:\/\/helixinnovations.rs\/kucna-nega\/wp-json\/wp\/v2\/pages\/18\/revisions\/872"}],"wp:attachment":[{"href":"https:\/\/helixinnovations.rs\/kucna-nega\/wp-json\/wp\/v2\/media?parent=18"}],"curies":[{"name":"wp","href":"https:\/\/api.w.org\/{rel}","templated":true}]}}